
{"id":713,"date":"2023-11-13T10:20:20","date_gmt":"2023-11-13T10:20:20","guid":{"rendered":"https:\/\/orkestrakanalla.com\/rider\/"},"modified":"2025-03-26T21:51:33","modified_gmt":"2025-03-26T21:51:33","slug":"rider","status":"publish","type":"page","link":"https:\/\/orkestrakanalla.com\/es\/rider\/","title":{"rendered":"Rider"},"content":{"rendered":"\n<figure class=\"wp-block-image alignwide size-full\"><img loading=\"lazy\" decoding=\"async\" width=\"800\" height=\"450\" src=\"http:\/\/orkestrakanalla.com\/wp-content\/uploads\/2023\/11\/IMG-20191001-WA0017.jpg\" alt=\"\" class=\"wp-image-210\" srcset=\"https:\/\/orkestrakanalla.com\/wp-content\/uploads\/2023\/11\/IMG-20191001-WA0017.jpg 800w, https:\/\/orkestrakanalla.com\/wp-content\/uploads\/2023\/11\/IMG-20191001-WA0017-300x169.jpg 300w, https:\/\/orkestrakanalla.com\/wp-content\/uploads\/2023\/11\/IMG-20191001-WA0017-768x432.jpg 768w\" sizes=\"auto, (max-width: 800px) 100vw, 800px\" \/><\/figure>\n\n\n\n<div data-wp-interactive=\"core\/file\" class=\"wp-block-file has-base-background-color has-background has-link-color wp-elements-0252dd06155567d866ec562ba58a2da5\"><object data-wp-bind--hidden=\"!state.hasPdfPreview\" hidden class=\"wp-block-file__embed\" data=\"https:\/\/orkestrakanalla.com\/wp-content\/uploads\/2023\/12\/rider_ES.pdf\" type=\"application\/pdf\" style=\"width:100%;height:600px\" aria-label=\"Incrustado de rider_ES.\"><\/object><a id=\"wp-block-file--media-48f76ca5-06e3-4d2f-86e7-d4e289cbe891\" href=\"https:\/\/orkestrakanalla.com\/wp-content\/uploads\/2023\/12\/rider_ES.pdf\" target=\"_blank\" rel=\"noreferrer noopener\">rider_ES<\/a><a href=\"https:\/\/orkestrakanalla.com\/wp-content\/uploads\/2023\/12\/rider_ES.pdf\" class=\"wp-block-file__button wp-element-button\" download aria-describedby=\"wp-block-file--media-48f76ca5-06e3-4d2f-86e7-d4e289cbe891\">Descarga<\/a><\/div>\n\n\n\n<figure class=\"wp-block-image alignwide size-large\"><img loading=\"lazy\" decoding=\"async\" width=\"1024\" height=\"576\" src=\"http:\/\/orkestrakanalla.com\/wp-content\/uploads\/2023\/11\/rider-1024x576.jpg\" alt=\"\" class=\"wp-image-454\" srcset=\"https:\/\/orkestrakanalla.com\/wp-content\/uploads\/2023\/11\/rider-1024x576.jpg 1024w, https:\/\/orkestrakanalla.com\/wp-content\/uploads\/2023\/11\/rider-300x169.jpg 300w, https:\/\/orkestrakanalla.com\/wp-content\/uploads\/2023\/11\/rider-768x432.jpg 768w, https:\/\/orkestrakanalla.com\/wp-content\/uploads\/2023\/11\/rider-1536x864.jpg 1536w, https:\/\/orkestrakanalla.com\/wp-content\/uploads\/2023\/11\/rider.jpg 1920w\" sizes=\"auto, (max-width: 1024px) 100vw, 1024px\" \/><\/figure>\n\n\n\n<p><strong>Requisitos m\u00ednimos de sonido e iluminaci\u00f3n<\/strong><\/p>\n\n\n\n<p>Equipo de sonido:<\/p>\n\n\n\n<ul class=\"wp-block-list\">\n<li>P.A con Subgrave de 4000 watts m\u00ednimo.<\/li>\n<\/ul>\n\n\n\n<p>Escenario (m\u00ednimo de 6x6m): <\/p>\n\n\n\n<ul class=\"wp-block-list\">\n<li>9 monitores con env\u00edos independientes. <\/li>\n\n\n\n<li>Conexiones suficientes de 220v para los instrumentos y amplificadores. <\/li>\n<\/ul>\n\n\n\n<p>Iluminaci\u00f3n: <\/p>\n\n\n\n<ul class=\"wp-block-list\">\n<li>Puente (Truss) o torres delante y detr\u00e1s con 8 focos tipo PAR LED RGB.<\/li>\n<\/ul>\n\n\n\n<p><\/p>\n\n\n\n<figure class=\"wp-block-table is-style-stripes has-small-font-size\"><table><tbody><tr><td><strong>CANAL<\/strong><\/td><td><strong>INSTRUMENTO<\/strong><\/td><td><strong>MICR\u00d3FONO<\/strong><\/td><td><strong>INSERT<\/strong><\/td><\/tr><tr><td>1<\/td><td>BOMBO<\/td><td>Shure Beta 52<\/td><td>Compresor<\/td><\/tr><tr><td>2<\/td><td>CAJA UP<\/td><td>Shure SM57<\/td><td>Compresor<\/td><\/tr><tr><td>3<\/td><td>CAJA DW<\/td><td>Shure SM57<\/td><td>Compresor<\/td><\/tr><tr><td>4<\/td><td>HH<\/td><td>AKG451<\/td><td><\/td><\/tr><tr><td>5<\/td><td>TOM<\/td><td>Sennheiser E904<\/td><td>Puerta<\/td><\/tr><tr><td>6<\/td><td>FLOOR TOM<\/td><td>Sennheiser E904<\/td><td>Puerta<\/td><\/tr><tr><td>7<\/td><td>OH L<\/td><td>AKG 414 XLS<\/td><td><\/td><\/tr><tr><td>8<\/td><td>OH R<\/td><td>AKG 414 XLS<\/td><td><\/td><\/tr><tr><td>9<\/td><td>BAJO<\/td><td>DI BSS<\/td><td>Compresor<\/td><\/tr><tr><td>10<\/td><td>GUITARRA AC\u00daSTICA<\/td><td>DI BSS<\/td><td>Compresor<\/td><\/tr><tr><td>11<\/td><td>GUITARRA EL\u00c9CTRICA<\/td><td>Shure SM57<\/td><td>Compresor<\/td><\/tr><tr><td>12<\/td><td>GUITARRA EL\u00c9CTRICA<\/td><td>Shure SM57<\/td><td>Compresor<\/td><\/tr><tr><td>13<\/td><td>NORD L<\/td><td>DI BSS<\/td><td><\/td><\/tr><tr><td>14<\/td><td>NORD R<\/td><td>DI BSS<\/td><td><\/td><\/tr><tr><td>15<\/td><td>VOZ 1<\/td><td>Beta 58 inal.<\/td><td>Compresor<\/td><\/tr><tr><td>16<\/td><td>VOZ 2<\/td><td>Beta 58 inal.<\/td><td>Compresor<\/td><\/tr><tr><td>17<\/td><td>VOZ 3<\/td><td>Beta 58 inal.<\/td><td>Compresor<\/td><\/tr><tr><td>18<\/td><td>VOZ 4<\/td><td>Beta 58 inal.<\/td><td>Compresor<\/td><\/tr><tr><td>19<\/td><td>OCTAPAD<\/td><td>DI BSS<\/td><td><\/td><\/tr><tr><td>20<\/td><td>SAXO<\/td><td>Shure Beta 98<\/td><td>Compresor<\/td><\/tr><\/tbody><\/table><\/figure>\n\n\n\n<p><\/p>\n","protected":false},"excerpt":{"rendered":"<p>Requisitos m\u00ednimos de sonido e iluminaci\u00f3n Equipo de sonido: Escenario (m\u00ednimo de 6x6m): Iluminaci\u00f3n: CANAL INSTRUMENTO MICR\u00d3FONO INSERT 1 BOMBO Shure Beta 52 Compresor 2 CAJA UP Shure SM57 Compresor 3 CAJA DW Shure SM57 Compresor 4 HH AKG451 5 TOM Sennheiser E904 Puerta 6 FLOOR TOM Sennheiser E904 Puerta 7 OH L AKG 414 [&hellip;]<\/p>\n","protected":false},"author":2,"featured_media":0,"parent":0,"menu_order":5,"comment_status":"closed","ping_status":"closed","template":"","meta":{"footnotes":"[]"},"class_list":["post-713","page","type-page","status-publish","hentry"],"_links":{"self":[{"href":"https:\/\/orkestrakanalla.com\/es\/wp-json\/wp\/v2\/pages\/713","targetHints":{"allow":["GET"]}}],"collection":[{"href":"https:\/\/orkestrakanalla.com\/es\/wp-json\/wp\/v2\/pages"}],"about":[{"href":"https:\/\/orkestrakanalla.com\/es\/wp-json\/wp\/v2\/types\/page"}],"author":[{"embeddable":true,"href":"https:\/\/orkestrakanalla.com\/es\/wp-json\/wp\/v2\/users\/2"}],"replies":[{"embeddable":true,"href":"https:\/\/orkestrakanalla.com\/es\/wp-json\/wp\/v2\/comments?post=713"}],"version-history":[{"count":5,"href":"https:\/\/orkestrakanalla.com\/es\/wp-json\/wp\/v2\/pages\/713\/revisions"}],"predecessor-version":[{"id":818,"href":"https:\/\/orkestrakanalla.com\/es\/wp-json\/wp\/v2\/pages\/713\/revisions\/818"}],"wp:attachment":[{"href":"https:\/\/orkestrakanalla.com\/es\/wp-json\/wp\/v2\/media?parent=713"}],"curies":[{"name":"wp","href":"https:\/\/api.w.org\/{rel}","templated":true}]}}