
{"id":703,"date":"2023-11-13T10:20:55","date_gmt":"2023-11-13T10:20:55","guid":{"rendered":"https:\/\/orkestrakanalla.com\/bio\/"},"modified":"2023-12-01T12:58:08","modified_gmt":"2023-12-01T12:58:08","slug":"bio","status":"publish","type":"page","link":"https:\/\/orkestrakanalla.com\/es\/bio\/","title":{"rendered":"Bio"},"content":{"rendered":"\n<figure class=\"wp-block-image alignwide size-large\"><img loading=\"lazy\" decoding=\"async\" width=\"1024\" height=\"517\" src=\"http:\/\/orkestrakanalla.com\/wp-content\/uploads\/2023\/11\/DSCF6581_hdr-scaled-e1699897957135-1024x517.jpg\" alt=\"\" class=\"wp-image-201\" srcset=\"https:\/\/orkestrakanalla.com\/wp-content\/uploads\/2023\/11\/DSCF6581_hdr-scaled-e1699897957135-1024x517.jpg 1024w, https:\/\/orkestrakanalla.com\/wp-content\/uploads\/2023\/11\/DSCF6581_hdr-scaled-e1699897957135-300x151.jpg 300w, https:\/\/orkestrakanalla.com\/wp-content\/uploads\/2023\/11\/DSCF6581_hdr-scaled-e1699897957135-768x388.jpg 768w, https:\/\/orkestrakanalla.com\/wp-content\/uploads\/2023\/11\/DSCF6581_hdr-scaled-e1699897957135-1536x775.jpg 1536w, https:\/\/orkestrakanalla.com\/wp-content\/uploads\/2023\/11\/DSCF6581_hdr-scaled-e1699897957135-2048x1034.jpg 2048w\" sizes=\"auto, (max-width: 1024px) 100vw, 1024px\" \/><\/figure>\n\n<p>La Orkestra Kanalla es un proyecto musical creado en el a\u00f1o 2017. Es fruto de la aventura fortuita de viejos m\u00fasicos de la periferia de Barcelona, concretamente de Badalona y municipios lim\u00edtrofes. Durante los 90\u2019s estuvieron vinculados a bandas de rock alternativo, hardcore, punk, rumba, funk, pop\u2026 Despu\u00e9s de m\u00e1s de veinticinco a\u00f1os en diversos proyectos musicales este grupo de amigos, amigas y colegas se reencuentran y dan forma a una proto-banda de versiones con connotaciones inevitablemente canallas.<\/p>\n\n<p>El origen de la orquesta se gesta en las escuelas de nuestras hijas e hijos. Una vez al a\u00f1o particip\u00e1bamos en la fiesta de la escuela y hac\u00edamos un bolo para amenizarla. &#8216;<em>El problema<\/em>&#8216; es que todo esto se nos va de las manos. Al p\u00fablico le gustaba lo que ve\u00eda, el p\u00fablico hac\u00eda muy buenas rese\u00f1as, el p\u00fablico ped\u00eda m\u00e1s conciertos y, finalmente, decidimos escuchar la voz del p\u00fablico. Es en este momento donde nace la Orkestra Kanalla.<\/p>\n\n<figure class=\"wp-block-image alignwide size-large\"><img loading=\"lazy\" decoding=\"async\" width=\"1024\" height=\"514\" src=\"http:\/\/orkestrakanalla.com\/wp-content\/uploads\/2023\/11\/cropped-cropped-DSC_0946-scaled-2-1024x514.jpg\" alt=\"\" class=\"wp-image-331\" srcset=\"https:\/\/orkestrakanalla.com\/wp-content\/uploads\/2023\/11\/cropped-cropped-DSC_0946-scaled-2-1024x514.jpg 1024w, https:\/\/orkestrakanalla.com\/wp-content\/uploads\/2023\/11\/cropped-cropped-DSC_0946-scaled-2-300x150.jpg 300w, https:\/\/orkestrakanalla.com\/wp-content\/uploads\/2023\/11\/cropped-cropped-DSC_0946-scaled-2-768x385.jpg 768w, https:\/\/orkestrakanalla.com\/wp-content\/uploads\/2023\/11\/cropped-cropped-DSC_0946-scaled-2-1536x770.jpg 1536w, https:\/\/orkestrakanalla.com\/wp-content\/uploads\/2023\/11\/cropped-cropped-DSC_0946-scaled-2.jpg 1599w\" sizes=\"auto, (max-width: 1024px) 100vw, 1024px\" \/><\/figure>\n\n<p>A partir de ah\u00ed todo va cuesta abajo. Pasamos de seis miembros a siete, de siete a ocho, de ocho a nueve; con un potente tr\u00edo de voces al frente y un maestro de ceremonias guiando la nave hacia el aquelarre definitivo, un aquelarre con m\u00e1s de treinta canciones en el repertorio y m\u00e1s de dos horas y media de show.<\/p>\n\n<figure class=\"wp-block-image alignwide size-full\"><img loading=\"lazy\" decoding=\"async\" width=\"800\" height=\"450\" src=\"http:\/\/orkestrakanalla.com\/wp-content\/uploads\/2023\/11\/IMG-20191001-WA0006.jpg\" alt=\"\" class=\"wp-image-206\" srcset=\"https:\/\/orkestrakanalla.com\/wp-content\/uploads\/2023\/11\/IMG-20191001-WA0006.jpg 800w, https:\/\/orkestrakanalla.com\/wp-content\/uploads\/2023\/11\/IMG-20191001-WA0006-300x169.jpg 300w, https:\/\/orkestrakanalla.com\/wp-content\/uploads\/2023\/11\/IMG-20191001-WA0006-768x432.jpg 768w\" sizes=\"auto, (max-width: 800px) 100vw, 800px\" \/><\/figure>\n\n<p>El directo deviene potente, en\u00e9rgico y ecl\u00e9ctico, y busca la interacci\u00f3n y el juego con el p\u00fablico, trazando una l\u00ednea muy cuidadosa a la hora de seleccionar los temas. La filosof\u00eda es clara: Versionar grandes \u00e9xitos del pop, rock y otros g\u00e9neros que sean universales pero que conserven de origen ese sello underground, ese punto gamberro. Apostamos por los \u00e9xitos de nuestra juventud, aquellos que nos hicieron vibrar y que experimentamos en sus directos, \u00e9xitos de los \u201990 i de los \u201900 sin olvidarnos tampoco de los \u00e9xitos de otras \u00e9pocas. En resumen, siendo una orquesta diferente de las otras orquestas. Una orquesta ideal para fiestas mayores, festivales, fiestas privadas y celebraciones diversas que apuesten por dar un toque original, diferenciado y canalla al evento.<\/p>\n\n<figure class=\"wp-block-image alignwide size-full\"><img loading=\"lazy\" decoding=\"async\" width=\"1000\" height=\"385\" src=\"http:\/\/orkestrakanalla.com\/wp-content\/uploads\/2023\/11\/IMG-20220925-WA0008-e1699897919773.jpg\" alt=\"\" class=\"wp-image-217\" srcset=\"https:\/\/orkestrakanalla.com\/wp-content\/uploads\/2023\/11\/IMG-20220925-WA0008-e1699897919773.jpg 1000w, https:\/\/orkestrakanalla.com\/wp-content\/uploads\/2023\/11\/IMG-20220925-WA0008-e1699897919773-300x116.jpg 300w, https:\/\/orkestrakanalla.com\/wp-content\/uploads\/2023\/11\/IMG-20220925-WA0008-e1699897919773-768x296.jpg 768w\" sizes=\"auto, (max-width: 1000px) 100vw, 1000px\" \/><\/figure>\n\n<p>As\u00ed nos presentamos: frescos, \u00e1cidos, \u00e1vidos, provocadores y, por encima de todo, con ganas de jugar. Todo ello enfocado a mejorar y ensalzar \u201cla experiencia kanalla\u201d y poder abrirnos camino hacia una aventura musical orientada a satisfacer lo m\u00e1s preciado para nosotr@s, el p\u00fablico.<\/p>\n","protected":false},"excerpt":{"rendered":"<p>La Orkestra Kanalla es un proyecto musical creado en el a\u00f1o 2017. Es fruto de la aventura fortuita de viejos m\u00fasicos de la periferia de Barcelona, concretamente de Badalona y municipios lim\u00edtrofes. Durante los 90\u2019s estuvieron vinculados a bandas de rock alternativo, hardcore, punk, rumba, funk, pop\u2026 Despu\u00e9s de m\u00e1s de veinticinco a\u00f1os en diversos [&hellip;]<\/p>\n","protected":false},"author":2,"featured_media":0,"parent":0,"menu_order":1,"comment_status":"closed","ping_status":"closed","template":"","meta":{"footnotes":""},"class_list":["post-703","page","type-page","status-publish","hentry"],"_links":{"self":[{"href":"https:\/\/orkestrakanalla.com\/es\/wp-json\/wp\/v2\/pages\/703","targetHints":{"allow":["GET"]}}],"collection":[{"href":"https:\/\/orkestrakanalla.com\/es\/wp-json\/wp\/v2\/pages"}],"about":[{"href":"https:\/\/orkestrakanalla.com\/es\/wp-json\/wp\/v2\/types\/page"}],"author":[{"embeddable":true,"href":"https:\/\/orkestrakanalla.com\/es\/wp-json\/wp\/v2\/users\/2"}],"replies":[{"embeddable":true,"href":"https:\/\/orkestrakanalla.com\/es\/wp-json\/wp\/v2\/comments?post=703"}],"version-history":[{"count":2,"href":"https:\/\/orkestrakanalla.com\/es\/wp-json\/wp\/v2\/pages\/703\/revisions"}],"predecessor-version":[{"id":705,"href":"https:\/\/orkestrakanalla.com\/es\/wp-json\/wp\/v2\/pages\/703\/revisions\/705"}],"wp:attachment":[{"href":"https:\/\/orkestrakanalla.com\/es\/wp-json\/wp\/v2\/media?parent=703"}],"curies":[{"name":"wp","href":"https:\/\/api.w.org\/{rel}","templated":true}]}}